{"id":3093,"date":"2021-09-29T13:00:18","date_gmt":"2021-09-29T13:00:18","guid":{"rendered":"https:\/\/www.notariat-bergstrasse.de\/ueber-uns\/"},"modified":"2021-09-29T13:00:18","modified_gmt":"2021-09-29T13:00:18","slug":"ueber-uns","status":"publish","type":"page","link":"https:\/\/www.notariat-bergstrasse.de\/en\/ueber-uns\/","title":{"rendered":"\u00dcber uns"},"content":{"rendered":"\n<p>M\u00f6glicherweise bist du k\u00fcnstlerisch t\u00e4tig und m\u00f6chtest dich und deine Arbeiten hier vorstellen. Oder hast du vielleicht ein Business mit einer Mission, die es zu beschreiben gilt?<\/p>\n","protected":false},"excerpt":{"rendered":"<p>M\u00f6glicherweise bist du k\u00fcnstlerisch t\u00e4tig und m\u00f6chtest dich und deine Arbeiten hier vorstellen. Oder hast du vielleicht ein Business mit einer Mission, die es zu beschreiben gilt?<\/p>\n","protected":false},"author":2,"featured_media":0,"parent":0,"menu_order":0,"comment_status":"closed","ping_status":"closed","template":"","meta":{"_acf_changed":false,"inline_featured_image":false,"footnotes":""},"class_list":["post-3093","page","type-page","status-publish","hentry"],"acf":[],"yoast_head":"<!-- This site is optimized with the Yoast SEO plugin v25.2 - https:\/\/yoast.com\/wordpress\/plugins\/seo\/ -->\n<title>\u00dcber uns - Notariat Bergstra\u00dfe<\/title>\n<meta name=\"robots\" content=\"index, follow, max-snippet:-1, max-image-preview:large, max-video-preview:-1\" \/>\n<link rel=\"canonical\" href=\"https:\/\/www.notariat-bergstrasse.de\/en\/ueber-uns\/\" \/>\n<meta property=\"og:locale\" content=\"en_US\" \/>\n<meta property=\"og:type\" content=\"article\" \/>\n<meta property=\"og:title\" content=\"\u00dcber uns - Notariat Bergstra\u00dfe\" \/>\n<meta property=\"og:description\" content=\"M\u00f6glicherweise bist du k\u00fcnstlerisch t\u00e4tig und m\u00f6chtest dich und deine Arbeiten hier vorstellen. Oder hast du vielleicht ein Business mit einer Mission, die es zu beschreiben gilt?\" \/>\n<meta property=\"og:url\" content=\"https:\/\/www.notariat-bergstrasse.de\/en\/ueber-uns\/\" \/>\n<meta property=\"og:site_name\" content=\"Notariat Bergstra\u00dfe\" \/>\n<meta name=\"twitter:card\" content=\"summary_large_image\" \/>\n<script type=\"application\/ld+json\" class=\"yoast-schema-graph\">{\"@context\":\"https:\/\/schema.org\",\"@graph\":[{\"@type\":\"WebPage\",\"@id\":\"https:\/\/www.notariat-bergstrasse.de\/en\/ueber-uns\/\",\"url\":\"https:\/\/www.notariat-bergstrasse.de\/en\/ueber-uns\/\",\"name\":\"\u00dcber uns - Notariat Bergstra\u00dfe\",\"isPartOf\":{\"@id\":\"https:\/\/www.notariat-bergstrasse.de\/#website\"},\"datePublished\":\"2021-09-29T13:00:18+00:00\",\"breadcrumb\":{\"@id\":\"https:\/\/www.notariat-bergstrasse.de\/en\/ueber-uns\/#breadcrumb\"},\"inLanguage\":\"en-US\",\"potentialAction\":[{\"@type\":\"ReadAction\",\"target\":[\"https:\/\/www.notariat-bergstrasse.de\/en\/ueber-uns\/\"]}]},{\"@type\":\"BreadcrumbList\",\"@id\":\"https:\/\/www.notariat-bergstrasse.de\/en\/ueber-uns\/#breadcrumb\",\"itemListElement\":[{\"@type\":\"ListItem\",\"position\":1,\"name\":\"Startseite\",\"item\":\"https:\/\/www.notariat-bergstrasse.de\/en\/\"},{\"@type\":\"ListItem\",\"position\":2,\"name\":\"\u00dcber uns\"}]},{\"@type\":\"WebSite\",\"@id\":\"https:\/\/www.notariat-bergstrasse.de\/#website\",\"url\":\"https:\/\/www.notariat-bergstrasse.de\/\",\"name\":\"Notariat Bergstra\u00dfe\",\"description\":\"Das Notariat Bergstra\u00dfe ist eine der \u00e4ltesten und traditionsreichsten notariellen Adressen Hamburgs.\",\"potentialAction\":[{\"@type\":\"SearchAction\",\"target\":{\"@type\":\"EntryPoint\",\"urlTemplate\":\"https:\/\/www.notariat-bergstrasse.de\/?s={search_term_string}\"},\"query-input\":{\"@type\":\"PropertyValueSpecification\",\"valueRequired\":true,\"valueName\":\"search_term_string\"}}],\"inLanguage\":\"en-US\"}]}<\/script>\n<!-- \/ Yoast SEO plugin. -->","yoast_head_json":{"title":"\u00dcber uns - Notariat Bergstra\u00dfe","robots":{"index":"index","follow":"follow","max-snippet":"max-snippet:-1","max-image-preview":"max-image-preview:large","max-video-preview":"max-video-preview:-1"},"canonical":"https:\/\/www.notariat-bergstrasse.de\/en\/ueber-uns\/","og_locale":"en_US","og_type":"article","og_title":"\u00dcber uns - Notariat Bergstra\u00dfe","og_description":"M\u00f6glicherweise bist du k\u00fcnstlerisch t\u00e4tig und m\u00f6chtest dich und deine Arbeiten hier vorstellen. Oder hast du vielleicht ein Business mit einer Mission, die es zu beschreiben gilt?","og_url":"https:\/\/www.notariat-bergstrasse.de\/en\/ueber-uns\/","og_site_name":"Notariat Bergstra\u00dfe","twitter_card":"summary_large_image","schema":{"@context":"https:\/\/schema.org","@graph":[{"@type":"WebPage","@id":"https:\/\/www.notariat-bergstrasse.de\/en\/ueber-uns\/","url":"https:\/\/www.notariat-bergstrasse.de\/en\/ueber-uns\/","name":"\u00dcber uns - Notariat Bergstra\u00dfe","isPartOf":{"@id":"https:\/\/www.notariat-bergstrasse.de\/#website"},"datePublished":"2021-09-29T13:00:18+00:00","breadcrumb":{"@id":"https:\/\/www.notariat-bergstrasse.de\/en\/ueber-uns\/#breadcrumb"},"inLanguage":"en-US","potentialAction":[{"@type":"ReadAction","target":["https:\/\/www.notariat-bergstrasse.de\/en\/ueber-uns\/"]}]},{"@type":"BreadcrumbList","@id":"https:\/\/www.notariat-bergstrasse.de\/en\/ueber-uns\/#breadcrumb","itemListElement":[{"@type":"ListItem","position":1,"name":"Startseite","item":"https:\/\/www.notariat-bergstrasse.de\/en\/"},{"@type":"ListItem","position":2,"name":"\u00dcber uns"}]},{"@type":"WebSite","@id":"https:\/\/www.notariat-bergstrasse.de\/#website","url":"https:\/\/www.notariat-bergstrasse.de\/","name":"Notariat Bergstra\u00dfe","description":"Das Notariat Bergstra\u00dfe ist eine der \u00e4ltesten und traditionsreichsten notariellen Adressen Hamburgs.","potentialAction":[{"@type":"SearchAction","target":{"@type":"EntryPoint","urlTemplate":"https:\/\/www.notariat-bergstrasse.de\/?s={search_term_string}"},"query-input":{"@type":"PropertyValueSpecification","valueRequired":true,"valueName":"search_term_string"}}],"inLanguage":"en-US"}]}},"_links":{"self":[{"href":"https:\/\/www.notariat-bergstrasse.de\/en\/wp-json\/wp\/v2\/pages\/3093","targetHints":{"allow":["GET"]}}],"collection":[{"href":"https:\/\/www.notariat-bergstrasse.de\/en\/wp-json\/wp\/v2\/pages"}],"about":[{"href":"https:\/\/www.notariat-bergstrasse.de\/en\/wp-json\/wp\/v2\/types\/page"}],"author":[{"embeddable":true,"href":"https:\/\/www.notariat-bergstrasse.de\/en\/wp-json\/wp\/v2\/users\/2"}],"replies":[{"embeddable":true,"href":"https:\/\/www.notariat-bergstrasse.de\/en\/wp-json\/wp\/v2\/comments?post=3093"}],"version-history":[{"count":0,"href":"https:\/\/www.notariat-bergstrasse.de\/en\/wp-json\/wp\/v2\/pages\/3093\/revisions"}],"wp:attachment":[{"href":"https:\/\/www.notariat-bergstrasse.de\/en\/wp-json\/wp\/v2\/media?parent=3093"}],"curies":[{"name":"wp","href":"https:\/\/api.w.org\/{rel}","templated":true}]}}