{"id":3088,"date":"2021-09-29T13:00:18","date_gmt":"2021-09-29T13:00:18","guid":{"rendered":"https:\/\/www.notariat-bergstrasse.de\/create-your-website-with-blocks\/"},"modified":"2022-10-30T21:54:08","modified_gmt":"2022-10-30T21:54:08","slug":"create-your-website-with-blocks","status":"publish","type":"page","link":"https:\/\/www.notariat-bergstrasse.de\/en\/","title":{"rendered":"Startseite"},"content":{"rendered":"<p>&nbsp;<\/p>\r\n\r\n<h2 class=\"alignwide has-text-align-wide has-gigantic-font-size wp-block-heading\" style=\"line-height: 1.1;\">Create your website with blocks<\/h2>\r\n\r\n\r\n\r\n<div class=\"wp-block-spacer\" style=\"height: 100px;\" aria-hidden=\"true\">\u00a0<\/div>\r\n\r\n\r\n\r\n<div class=\"wp-block-columns alignwide are-vertically-aligned-center is-style-twentytwentyone-columns-overlap is-layout-flex wp-container-core-columns-is-layout-9d6595d7 wp-block-columns-is-layout-flex\">\r\n<div class=\"wp-block-column is-vertically-aligned-center is-layout-flow wp-block-column-is-layout-flow\">\r\n<figure class=\"wp-block-image alignfull size-large\"><img decoding=\"async\" src=\"https:\/\/www.notariat-bergstrasse.de\/wp-content\/themes\/twentytwentyone\/assets\/images\/roses-tremieres-hollyhocks-1884.jpg\" alt=\"\u201cRoses Tr\u00e9mi\u00e8res\u201d by Berthe Morisot\" \/><\/figure>\r\n\r\n\r\n\r\n<div class=\"wp-block-spacer\" style=\"height: 100px;\" aria-hidden=\"true\">\u00a0<\/div>\r\n\r\n\r\n\r\n<figure class=\"wp-block-image alignfull size-large is-style-twentytwentyone-image-frame\"><img decoding=\"async\" src=\"https:\/\/www.notariat-bergstrasse.de\/wp-content\/themes\/twentytwentyone\/assets\/images\/in-the-bois-de-boulogne.jpg\" alt=\"\u201cIn the Bois de Boulogne\u201d by Berthe Morisot\" \/><\/figure>\r\n<\/div>\r\n\r\n\r\n\r\n<div class=\"wp-block-column is-vertically-aligned-center is-layout-flow wp-block-column-is-layout-flow\">\r\n<div class=\"wp-block-spacer\" style=\"height: 100px;\" aria-hidden=\"true\">\u00a0<\/div>\r\n\r\n\r\n\r\n<figure class=\"wp-block-image size-large alignfull size-full is-style-twentytwentyone-border\"><img decoding=\"async\" src=\"https:\/\/www.notariat-bergstrasse.de\/wp-content\/themes\/twentytwentyone\/assets\/images\/young-woman-in-mauve.jpg\" alt=\"\u201cYoung Woman in Mauve\u201d by Berthe Morisot\" \/><\/figure>\r\n<\/div>\r\n<\/div>\r\n\r\n\r\n\r\n<div class=\"wp-block-spacer\" style=\"height: 50px;\" aria-hidden=\"true\">\u00a0<\/div>\r\n\r\n\r\n\r\n<div class=\"wp-block-columns alignwide are-vertically-aligned-top is-layout-flex wp-container-core-columns-is-layout-9d6595d7 wp-block-columns-is-layout-flex\">\r\n<div class=\"wp-block-column is-vertically-aligned-top is-layout-flow wp-block-column-is-layout-flow\">\r\n<h3 class=\"wp-block-heading\">Add block patterns<\/h3>\r\n\r\n\r\n\r\n<p>Block patterns are pre-designed groups of blocks. To add one, select the Add Block button [+] in the toolbar at the top of the editor. Switch to the Patterns tab underneath the search bar, and choose a pattern.<\/p>\r\n<\/div>\r\n\r\n\r\n\r\n<div class=\"wp-block-column is-vertically-aligned-top is-layout-flow wp-block-column-is-layout-flow\">\r\n<h3 class=\"wp-block-heading\">Frame your images<\/h3>\r\n\r\n\r\n\r\n<p>Twenty Twenty-One includes stylish borders for your content. With an Image block selected, open the &#8220;Styles&#8221; panel within the Editor sidebar. Select the &#8220;Frame&#8221; block style to activate it.<\/p>\r\n<\/div>\r\n\r\n\r\n\r\n<div class=\"wp-block-column is-vertically-aligned-top is-layout-flow wp-block-column-is-layout-flow\">\r\n<h3 class=\"wp-block-heading\">Overlap columns<\/h3>\r\n\r\n\r\n\r\n<p>Twenty Twenty-One also includes an overlap style for column blocks. With a Columns block selected, open the &#8220;Styles&#8221; panel within the Editor sidebar. Choose the &#8220;Overlap&#8221; block style to try it out.<\/p>\r\n<\/div>\r\n<\/div>\r\n\r\n\r\n\r\n<div class=\"wp-block-spacer\" style=\"height: 100px;\" aria-hidden=\"true\">\u00a0<\/div>\r\n\r\n\r\n\r\n<div class=\"wp-block-cover alignwide has-green-background-color has-background-dim is-style-twentytwentyone-border\">\r\n<div class=\"wp-block-cover__inner-container is-layout-flow wp-block-cover-is-layout-flow\">\r\n<div class=\"wp-block-spacer\" style=\"height: 20px;\" aria-hidden=\"true\">\u00a0<\/div>\r\n\r\n\r\n\r\n<p class=\"has-huge-font-size\">Need help?<\/p>\r\n\r\n\r\n\r\n<div class=\"wp-block-spacer\" style=\"height: 75px;\" aria-hidden=\"true\">\u00a0<\/div>\r\n\r\n\r\n\r\n<div class=\"wp-block-columns is-layout-flex wp-container-core-columns-is-layout-9d6595d7 wp-block-columns-is-layout-flex\">\r\n<div class=\"wp-block-column is-layout-flow wp-block-column-is-layout-flow\">\r\n<p><a href=\"https:\/\/wordpress.org\/support\/article\/twenty-twenty-one\/\">Read the Theme Documentation<\/a><\/p>\r\n<\/div>\r\n\r\n\r\n\r\n<div class=\"wp-block-column is-layout-flow wp-block-column-is-layout-flow\">\r\n<p><a href=\"https:\/\/wordpress.org\/support\/theme\/twentytwentyone\/\">Check out the Support Forums<\/a><\/p>\r\n<\/div>\r\n<\/div>\r\n\r\n\r\n\r\n<div class=\"wp-block-spacer\" style=\"height: 20px;\" aria-hidden=\"true\">\u00a0<\/div>\r\n<\/div>\r\n<\/div>\r\n","protected":false},"excerpt":{"rendered":"<p>&nbsp; Create your website with blocks Add block patterns Block patterns are pre-designed groups of blocks. To add one, select the Add Block button [+] in the toolbar at the top of the editor. Switch to the Patterns tab underneath the search bar, and choose a pattern. Frame your images Twenty Twenty-One includes stylish borders [&hellip;]<\/p>\n","protected":false},"author":2,"featured_media":0,"parent":0,"menu_order":0,"comment_status":"closed","ping_status":"closed","template":"page-templates\/tmpl-acf-constructor.php","meta":{"_acf_changed":false,"inline_featured_image":false,"footnotes":""},"class_list":["post-3088","page","type-page","status-publish","hentry"],"acf":[],"yoast_head":"<!-- This site is optimized with the Yoast SEO plugin v25.2 - https:\/\/yoast.com\/wordpress\/plugins\/seo\/ -->\n<title>Startseite - Notariat Bergstra\u00dfe<\/title>\n<meta name=\"description\" content=\"Wir betreuen Unternehmen und Privatleute in allen notariellen Bereichen mit einem Schwerpunkt im Gesellschafts- und Immobilienrecht.\" \/>\n<meta name=\"robots\" content=\"index, follow, max-snippet:-1, max-image-preview:large, max-video-preview:-1\" \/>\n<link rel=\"canonical\" href=\"https:\/\/www.notariat-bergstrasse.de\/en\/\" \/>\n<meta property=\"og:locale\" content=\"en_US\" \/>\n<meta property=\"og:type\" content=\"article\" \/>\n<meta property=\"og:title\" content=\"Startseite - Notariat Bergstra\u00dfe\" \/>\n<meta property=\"og:description\" content=\"Wir betreuen Unternehmen und Privatleute in allen notariellen Bereichen mit einem Schwerpunkt im Gesellschafts- und Immobilienrecht.\" \/>\n<meta property=\"og:url\" content=\"https:\/\/www.notariat-bergstrasse.de\/en\/\" \/>\n<meta property=\"og:site_name\" content=\"Notariat Bergstra\u00dfe\" \/>\n<meta property=\"article:modified_time\" content=\"2022-10-30T21:54:08+00:00\" \/>\n<meta property=\"og:image\" content=\"https:\/\/www.notariat-bergstrasse.de\/wp-content\/themes\/twentytwentyone\/assets\/images\/roses-tremieres-hollyhocks-1884.jpg\" \/>\n<meta name=\"twitter:card\" content=\"summary_large_image\" \/>\n<meta name=\"twitter:label1\" content=\"Est. reading time\" \/>\n\t<meta name=\"twitter:data1\" content=\"1 minute\" \/>\n<script type=\"application\/ld+json\" class=\"yoast-schema-graph\">{\"@context\":\"https:\/\/schema.org\",\"@graph\":[{\"@type\":\"WebPage\",\"@id\":\"https:\/\/www.notariat-bergstrasse.de\/en\/\",\"url\":\"https:\/\/www.notariat-bergstrasse.de\/en\/\",\"name\":\"Startseite - Notariat Bergstra\u00dfe\",\"isPartOf\":{\"@id\":\"https:\/\/www.notariat-bergstrasse.de\/#website\"},\"primaryImageOfPage\":{\"@id\":\"https:\/\/www.notariat-bergstrasse.de\/en\/#primaryimage\"},\"image\":{\"@id\":\"https:\/\/www.notariat-bergstrasse.de\/en\/#primaryimage\"},\"thumbnailUrl\":\"https:\/\/www.notariat-bergstrasse.de\/wp-content\/themes\/twentytwentyone\/assets\/images\/roses-tremieres-hollyhocks-1884.jpg\",\"datePublished\":\"2021-09-29T13:00:18+00:00\",\"dateModified\":\"2022-10-30T21:54:08+00:00\",\"description\":\"Wir betreuen Unternehmen und Privatleute in allen notariellen Bereichen mit einem Schwerpunkt im Gesellschafts- und Immobilienrecht.\",\"breadcrumb\":{\"@id\":\"https:\/\/www.notariat-bergstrasse.de\/en\/#breadcrumb\"},\"inLanguage\":\"en-US\",\"potentialAction\":[{\"@type\":\"ReadAction\",\"target\":[\"https:\/\/www.notariat-bergstrasse.de\/en\/\"]}]},{\"@type\":\"ImageObject\",\"inLanguage\":\"en-US\",\"@id\":\"https:\/\/www.notariat-bergstrasse.de\/en\/#primaryimage\",\"url\":\"https:\/\/www.notariat-bergstrasse.de\/wp-content\/themes\/twentytwentyone\/assets\/images\/roses-tremieres-hollyhocks-1884.jpg\",\"contentUrl\":\"https:\/\/www.notariat-bergstrasse.de\/wp-content\/themes\/twentytwentyone\/assets\/images\/roses-tremieres-hollyhocks-1884.jpg\"},{\"@type\":\"BreadcrumbList\",\"@id\":\"https:\/\/www.notariat-bergstrasse.de\/en\/#breadcrumb\",\"itemListElement\":[{\"@type\":\"ListItem\",\"position\":1,\"name\":\"Startseite\",\"item\":\"https:\/\/www.notariat-bergstrasse.de\/en\/\"},{\"@type\":\"ListItem\",\"position\":2,\"name\":\"Startseite\"}]},{\"@type\":\"WebSite\",\"@id\":\"https:\/\/www.notariat-bergstrasse.de\/#website\",\"url\":\"https:\/\/www.notariat-bergstrasse.de\/\",\"name\":\"Notariat Bergstra\u00dfe\",\"description\":\"Das Notariat Bergstra\u00dfe ist eine der \u00e4ltesten und traditionsreichsten notariellen Adressen Hamburgs.\",\"potentialAction\":[{\"@type\":\"SearchAction\",\"target\":{\"@type\":\"EntryPoint\",\"urlTemplate\":\"https:\/\/www.notariat-bergstrasse.de\/?s={search_term_string}\"},\"query-input\":{\"@type\":\"PropertyValueSpecification\",\"valueRequired\":true,\"valueName\":\"search_term_string\"}}],\"inLanguage\":\"en-US\"}]}<\/script>\n<!-- \/ Yoast SEO plugin. -->","yoast_head_json":{"title":"Startseite - Notariat Bergstra\u00dfe","description":"Wir betreuen Unternehmen und Privatleute in allen notariellen Bereichen mit einem Schwerpunkt im Gesellschafts- und Immobilienrecht.","robots":{"index":"index","follow":"follow","max-snippet":"max-snippet:-1","max-image-preview":"max-image-preview:large","max-video-preview":"max-video-preview:-1"},"canonical":"https:\/\/www.notariat-bergstrasse.de\/en\/","og_locale":"en_US","og_type":"article","og_title":"Startseite - Notariat Bergstra\u00dfe","og_description":"Wir betreuen Unternehmen und Privatleute in allen notariellen Bereichen mit einem Schwerpunkt im Gesellschafts- und Immobilienrecht.","og_url":"https:\/\/www.notariat-bergstrasse.de\/en\/","og_site_name":"Notariat Bergstra\u00dfe","article_modified_time":"2022-10-30T21:54:08+00:00","og_image":[{"url":"https:\/\/www.notariat-bergstrasse.de\/wp-content\/themes\/twentytwentyone\/assets\/images\/roses-tremieres-hollyhocks-1884.jpg","type":"","width":"","height":""}],"twitter_card":"summary_large_image","twitter_misc":{"Est. reading time":"1 minute"},"schema":{"@context":"https:\/\/schema.org","@graph":[{"@type":"WebPage","@id":"https:\/\/www.notariat-bergstrasse.de\/en\/","url":"https:\/\/www.notariat-bergstrasse.de\/en\/","name":"Startseite - Notariat Bergstra\u00dfe","isPartOf":{"@id":"https:\/\/www.notariat-bergstrasse.de\/#website"},"primaryImageOfPage":{"@id":"https:\/\/www.notariat-bergstrasse.de\/en\/#primaryimage"},"image":{"@id":"https:\/\/www.notariat-bergstrasse.de\/en\/#primaryimage"},"thumbnailUrl":"https:\/\/www.notariat-bergstrasse.de\/wp-content\/themes\/twentytwentyone\/assets\/images\/roses-tremieres-hollyhocks-1884.jpg","datePublished":"2021-09-29T13:00:18+00:00","dateModified":"2022-10-30T21:54:08+00:00","description":"Wir betreuen Unternehmen und Privatleute in allen notariellen Bereichen mit einem Schwerpunkt im Gesellschafts- und Immobilienrecht.","breadcrumb":{"@id":"https:\/\/www.notariat-bergstrasse.de\/en\/#breadcrumb"},"inLanguage":"en-US","potentialAction":[{"@type":"ReadAction","target":["https:\/\/www.notariat-bergstrasse.de\/en\/"]}]},{"@type":"ImageObject","inLanguage":"en-US","@id":"https:\/\/www.notariat-bergstrasse.de\/en\/#primaryimage","url":"https:\/\/www.notariat-bergstrasse.de\/wp-content\/themes\/twentytwentyone\/assets\/images\/roses-tremieres-hollyhocks-1884.jpg","contentUrl":"https:\/\/www.notariat-bergstrasse.de\/wp-content\/themes\/twentytwentyone\/assets\/images\/roses-tremieres-hollyhocks-1884.jpg"},{"@type":"BreadcrumbList","@id":"https:\/\/www.notariat-bergstrasse.de\/en\/#breadcrumb","itemListElement":[{"@type":"ListItem","position":1,"name":"Startseite","item":"https:\/\/www.notariat-bergstrasse.de\/en\/"},{"@type":"ListItem","position":2,"name":"Startseite"}]},{"@type":"WebSite","@id":"https:\/\/www.notariat-bergstrasse.de\/#website","url":"https:\/\/www.notariat-bergstrasse.de\/","name":"Notariat Bergstra\u00dfe","description":"Das Notariat Bergstra\u00dfe ist eine der \u00e4ltesten und traditionsreichsten notariellen Adressen Hamburgs.","potentialAction":[{"@type":"SearchAction","target":{"@type":"EntryPoint","urlTemplate":"https:\/\/www.notariat-bergstrasse.de\/?s={search_term_string}"},"query-input":{"@type":"PropertyValueSpecification","valueRequired":true,"valueName":"search_term_string"}}],"inLanguage":"en-US"}]}},"_links":{"self":[{"href":"https:\/\/www.notariat-bergstrasse.de\/en\/wp-json\/wp\/v2\/pages\/3088","targetHints":{"allow":["GET"]}}],"collection":[{"href":"https:\/\/www.notariat-bergstrasse.de\/en\/wp-json\/wp\/v2\/pages"}],"about":[{"href":"https:\/\/www.notariat-bergstrasse.de\/en\/wp-json\/wp\/v2\/types\/page"}],"author":[{"embeddable":true,"href":"https:\/\/www.notariat-bergstrasse.de\/en\/wp-json\/wp\/v2\/users\/2"}],"replies":[{"embeddable":true,"href":"https:\/\/www.notariat-bergstrasse.de\/en\/wp-json\/wp\/v2\/comments?post=3088"}],"version-history":[{"count":7,"href":"https:\/\/www.notariat-bergstrasse.de\/en\/wp-json\/wp\/v2\/pages\/3088\/revisions"}],"predecessor-version":[{"id":3739,"href":"https:\/\/www.notariat-bergstrasse.de\/en\/wp-json\/wp\/v2\/pages\/3088\/revisions\/3739"}],"wp:attachment":[{"href":"https:\/\/www.notariat-bergstrasse.de\/en\/wp-json\/wp\/v2\/media?parent=3088"}],"curies":[{"name":"wp","href":"https:\/\/api.w.org\/{rel}","templated":true}]}}