{"id":3086,"date":"2021-10-02T21:14:52","date_gmt":"2021-10-02T21:14:52","guid":{"rendered":"https:\/\/www.notariat-bergstrasse.de\/private-immobilien\/"},"modified":"2022-05-27T06:51:24","modified_gmt":"2022-05-27T06:51:24","slug":"private-real-estate","status":"publish","type":"page","link":"https:\/\/www.notariat-bergstrasse.de\/en\/private-real-estate\/","title":{"rendered":"Private Real Estate"},"content":{"rendered":"","protected":false},"excerpt":{"rendered":"","protected":false},"author":2,"featured_media":0,"parent":0,"menu_order":0,"comment_status":"closed","ping_status":"closed","template":"page-templates\/tmpl-acf-constructor.php","meta":{"_acf_changed":false,"inline_featured_image":false,"footnotes":""},"class_list":["post-3086","page","type-page","status-publish","hentry"],"acf":[],"yoast_head":"<!-- This site is optimized with the Yoast SEO plugin v25.2 - https:\/\/yoast.com\/wordpress\/plugins\/seo\/ -->\n<title>Private Real Estate - Notariat Bergstra\u00dfe<\/title>\n<meta name=\"description\" content=\"Wir Notare k\u00fcmmern uns um den Vollzug des Kaufvertrages und erledigen die Korrespondenz mit dem Grundbuchamt und Beh\u00f6rden.\" \/>\n<meta name=\"robots\" content=\"index, follow, max-snippet:-1, max-image-preview:large, max-video-preview:-1\" \/>\n<link rel=\"canonical\" href=\"https:\/\/www.notariat-bergstrasse.de\/en\/private-real-estate\/\" \/>\n<meta property=\"og:locale\" content=\"en_US\" \/>\n<meta property=\"og:type\" content=\"article\" \/>\n<meta property=\"og:title\" content=\"Private Real Estate - Notariat Bergstra\u00dfe\" \/>\n<meta property=\"og:description\" content=\"Wir Notare k\u00fcmmern uns um den Vollzug des Kaufvertrages und erledigen die Korrespondenz mit dem Grundbuchamt und Beh\u00f6rden.\" \/>\n<meta property=\"og:url\" content=\"https:\/\/www.notariat-bergstrasse.de\/en\/private-real-estate\/\" \/>\n<meta property=\"og:site_name\" content=\"Notariat Bergstra\u00dfe\" \/>\n<meta property=\"article:modified_time\" content=\"2022-05-27T06:51:24+00:00\" \/>\n<meta name=\"twitter:card\" content=\"summary_large_image\" \/>\n<script type=\"application\/ld+json\" class=\"yoast-schema-graph\">{\"@context\":\"https:\/\/schema.org\",\"@graph\":[{\"@type\":\"WebPage\",\"@id\":\"https:\/\/www.notariat-bergstrasse.de\/en\/private-real-estate\/\",\"url\":\"https:\/\/www.notariat-bergstrasse.de\/en\/private-real-estate\/\",\"name\":\"Private Real Estate - Notariat Bergstra\u00dfe\",\"isPartOf\":{\"@id\":\"https:\/\/www.notariat-bergstrasse.de\/#website\"},\"datePublished\":\"2021-10-02T21:14:52+00:00\",\"dateModified\":\"2022-05-27T06:51:24+00:00\",\"description\":\"Wir Notare k\u00fcmmern uns um den Vollzug des Kaufvertrages und erledigen die Korrespondenz mit dem Grundbuchamt und Beh\u00f6rden.\",\"breadcrumb\":{\"@id\":\"https:\/\/www.notariat-bergstrasse.de\/en\/private-real-estate\/#breadcrumb\"},\"inLanguage\":\"en-US\",\"potentialAction\":[{\"@type\":\"ReadAction\",\"target\":[\"https:\/\/www.notariat-bergstrasse.de\/en\/private-real-estate\/\"]}]},{\"@type\":\"BreadcrumbList\",\"@id\":\"https:\/\/www.notariat-bergstrasse.de\/en\/private-real-estate\/#breadcrumb\",\"itemListElement\":[{\"@type\":\"ListItem\",\"position\":1,\"name\":\"Startseite\",\"item\":\"https:\/\/www.notariat-bergstrasse.de\/en\/\"},{\"@type\":\"ListItem\",\"position\":2,\"name\":\"Private Real Estate\"}]},{\"@type\":\"WebSite\",\"@id\":\"https:\/\/www.notariat-bergstrasse.de\/#website\",\"url\":\"https:\/\/www.notariat-bergstrasse.de\/\",\"name\":\"Notariat Bergstra\u00dfe\",\"description\":\"Das Notariat Bergstra\u00dfe ist eine der \u00e4ltesten und traditionsreichsten notariellen Adressen Hamburgs.\",\"potentialAction\":[{\"@type\":\"SearchAction\",\"target\":{\"@type\":\"EntryPoint\",\"urlTemplate\":\"https:\/\/www.notariat-bergstrasse.de\/?s={search_term_string}\"},\"query-input\":{\"@type\":\"PropertyValueSpecification\",\"valueRequired\":true,\"valueName\":\"search_term_string\"}}],\"inLanguage\":\"en-US\"}]}<\/script>\n<!-- \/ Yoast SEO plugin. -->","yoast_head_json":{"title":"Private Real Estate - Notariat Bergstra\u00dfe","description":"Wir Notare k\u00fcmmern uns um den Vollzug des Kaufvertrages und erledigen die Korrespondenz mit dem Grundbuchamt und Beh\u00f6rden.","robots":{"index":"index","follow":"follow","max-snippet":"max-snippet:-1","max-image-preview":"max-image-preview:large","max-video-preview":"max-video-preview:-1"},"canonical":"https:\/\/www.notariat-bergstrasse.de\/en\/private-real-estate\/","og_locale":"en_US","og_type":"article","og_title":"Private Real Estate - Notariat Bergstra\u00dfe","og_description":"Wir Notare k\u00fcmmern uns um den Vollzug des Kaufvertrages und erledigen die Korrespondenz mit dem Grundbuchamt und Beh\u00f6rden.","og_url":"https:\/\/www.notariat-bergstrasse.de\/en\/private-real-estate\/","og_site_name":"Notariat Bergstra\u00dfe","article_modified_time":"2022-05-27T06:51:24+00:00","twitter_card":"summary_large_image","schema":{"@context":"https:\/\/schema.org","@graph":[{"@type":"WebPage","@id":"https:\/\/www.notariat-bergstrasse.de\/en\/private-real-estate\/","url":"https:\/\/www.notariat-bergstrasse.de\/en\/private-real-estate\/","name":"Private Real Estate - Notariat Bergstra\u00dfe","isPartOf":{"@id":"https:\/\/www.notariat-bergstrasse.de\/#website"},"datePublished":"2021-10-02T21:14:52+00:00","dateModified":"2022-05-27T06:51:24+00:00","description":"Wir Notare k\u00fcmmern uns um den Vollzug des Kaufvertrages und erledigen die Korrespondenz mit dem Grundbuchamt und Beh\u00f6rden.","breadcrumb":{"@id":"https:\/\/www.notariat-bergstrasse.de\/en\/private-real-estate\/#breadcrumb"},"inLanguage":"en-US","potentialAction":[{"@type":"ReadAction","target":["https:\/\/www.notariat-bergstrasse.de\/en\/private-real-estate\/"]}]},{"@type":"BreadcrumbList","@id":"https:\/\/www.notariat-bergstrasse.de\/en\/private-real-estate\/#breadcrumb","itemListElement":[{"@type":"ListItem","position":1,"name":"Startseite","item":"https:\/\/www.notariat-bergstrasse.de\/en\/"},{"@type":"ListItem","position":2,"name":"Private Real Estate"}]},{"@type":"WebSite","@id":"https:\/\/www.notariat-bergstrasse.de\/#website","url":"https:\/\/www.notariat-bergstrasse.de\/","name":"Notariat Bergstra\u00dfe","description":"Das Notariat Bergstra\u00dfe ist eine der \u00e4ltesten und traditionsreichsten notariellen Adressen Hamburgs.","potentialAction":[{"@type":"SearchAction","target":{"@type":"EntryPoint","urlTemplate":"https:\/\/www.notariat-bergstrasse.de\/?s={search_term_string}"},"query-input":{"@type":"PropertyValueSpecification","valueRequired":true,"valueName":"search_term_string"}}],"inLanguage":"en-US"}]}},"_links":{"self":[{"href":"https:\/\/www.notariat-bergstrasse.de\/en\/wp-json\/wp\/v2\/pages\/3086","targetHints":{"allow":["GET"]}}],"collection":[{"href":"https:\/\/www.notariat-bergstrasse.de\/en\/wp-json\/wp\/v2\/pages"}],"about":[{"href":"https:\/\/www.notariat-bergstrasse.de\/en\/wp-json\/wp\/v2\/types\/page"}],"author":[{"embeddable":true,"href":"https:\/\/www.notariat-bergstrasse.de\/en\/wp-json\/wp\/v2\/users\/2"}],"replies":[{"embeddable":true,"href":"https:\/\/www.notariat-bergstrasse.de\/en\/wp-json\/wp\/v2\/comments?post=3086"}],"version-history":[{"count":1,"href":"https:\/\/www.notariat-bergstrasse.de\/en\/wp-json\/wp\/v2\/pages\/3086\/revisions"}],"predecessor-version":[{"id":3173,"href":"https:\/\/www.notariat-bergstrasse.de\/en\/wp-json\/wp\/v2\/pages\/3086\/revisions\/3173"}],"wp:attachment":[{"href":"https:\/\/www.notariat-bergstrasse.de\/en\/wp-json\/wp\/v2\/media?parent=3086"}],"curies":[{"name":"wp","href":"https:\/\/api.w.org\/{rel}","templated":true}]}}