{"id":3075,"date":"2021-10-13T14:01:55","date_gmt":"2021-10-13T14:01:55","guid":{"rendered":"https:\/\/www.notariat-bergstrasse.de\/notar-dr-johannes-beil\/"},"modified":"2021-10-13T14:01:55","modified_gmt":"2021-10-13T14:01:55","slug":"notar-dr-johannes-beil","status":"publish","type":"page","link":"https:\/\/www.notariat-bergstrasse.de\/en\/notar-dr-johannes-beil\/","title":{"rendered":"Notar Dr. Beil"},"content":{"rendered":"","protected":false},"excerpt":{"rendered":"","protected":false},"author":1,"featured_media":0,"parent":0,"menu_order":0,"comment_status":"closed","ping_status":"closed","template":"page-templates\/tmpl-acf-notar_detail.php","meta":{"_acf_changed":false,"inline_featured_image":false,"footnotes":""},"class_list":["post-3075","page","type-page","status-publish","hentry"],"acf":[],"yoast_head":"<!-- This site is optimized with the Yoast SEO plugin v25.2 - https:\/\/yoast.com\/wordpress\/plugins\/seo\/ -->\n<title>Notar Dr. Beil - Notariat Bergstra\u00dfe<\/title>\n<meta name=\"robots\" content=\"index, follow, max-snippet:-1, max-image-preview:large, max-video-preview:-1\" \/>\n<link rel=\"canonical\" href=\"https:\/\/www.notariat-bergstrasse.de\/en\/notar-dr-johannes-beil\/\" \/>\n<meta property=\"og:locale\" content=\"en_US\" \/>\n<meta property=\"og:type\" content=\"article\" \/>\n<meta property=\"og:title\" content=\"Notar Dr. Beil - Notariat Bergstra\u00dfe\" \/>\n<meta property=\"og:url\" content=\"https:\/\/www.notariat-bergstrasse.de\/en\/notar-dr-johannes-beil\/\" \/>\n<meta property=\"og:site_name\" content=\"Notariat Bergstra\u00dfe\" \/>\n<meta name=\"twitter:card\" content=\"summary_large_image\" \/>\n<script type=\"application\/ld+json\" class=\"yoast-schema-graph\">{\"@context\":\"https:\/\/schema.org\",\"@graph\":[{\"@type\":\"WebPage\",\"@id\":\"https:\/\/www.notariat-bergstrasse.de\/en\/notar-dr-johannes-beil\/\",\"url\":\"https:\/\/www.notariat-bergstrasse.de\/en\/notar-dr-johannes-beil\/\",\"name\":\"Notar Dr. Beil - Notariat Bergstra\u00dfe\",\"isPartOf\":{\"@id\":\"https:\/\/www.notariat-bergstrasse.de\/#website\"},\"datePublished\":\"2021-10-13T14:01:55+00:00\",\"breadcrumb\":{\"@id\":\"https:\/\/www.notariat-bergstrasse.de\/en\/notar-dr-johannes-beil\/#breadcrumb\"},\"inLanguage\":\"en-US\",\"potentialAction\":[{\"@type\":\"ReadAction\",\"target\":[\"https:\/\/www.notariat-bergstrasse.de\/en\/notar-dr-johannes-beil\/\"]}]},{\"@type\":\"BreadcrumbList\",\"@id\":\"https:\/\/www.notariat-bergstrasse.de\/en\/notar-dr-johannes-beil\/#breadcrumb\",\"itemListElement\":[{\"@type\":\"ListItem\",\"position\":1,\"name\":\"Startseite\",\"item\":\"https:\/\/www.notariat-bergstrasse.de\/en\/\"},{\"@type\":\"ListItem\",\"position\":2,\"name\":\"Notar Dr. Beil\"}]},{\"@type\":\"WebSite\",\"@id\":\"https:\/\/www.notariat-bergstrasse.de\/#website\",\"url\":\"https:\/\/www.notariat-bergstrasse.de\/\",\"name\":\"Notariat Bergstra\u00dfe\",\"description\":\"Das Notariat Bergstra\u00dfe ist eine der \u00e4ltesten und traditionsreichsten notariellen Adressen Hamburgs.\",\"potentialAction\":[{\"@type\":\"SearchAction\",\"target\":{\"@type\":\"EntryPoint\",\"urlTemplate\":\"https:\/\/www.notariat-bergstrasse.de\/?s={search_term_string}\"},\"query-input\":{\"@type\":\"PropertyValueSpecification\",\"valueRequired\":true,\"valueName\":\"search_term_string\"}}],\"inLanguage\":\"en-US\"}]}<\/script>\n<!-- \/ Yoast SEO plugin. -->","yoast_head_json":{"title":"Notar Dr. Beil - Notariat Bergstra\u00dfe","robots":{"index":"index","follow":"follow","max-snippet":"max-snippet:-1","max-image-preview":"max-image-preview:large","max-video-preview":"max-video-preview:-1"},"canonical":"https:\/\/www.notariat-bergstrasse.de\/en\/notar-dr-johannes-beil\/","og_locale":"en_US","og_type":"article","og_title":"Notar Dr. Beil - Notariat Bergstra\u00dfe","og_url":"https:\/\/www.notariat-bergstrasse.de\/en\/notar-dr-johannes-beil\/","og_site_name":"Notariat Bergstra\u00dfe","twitter_card":"summary_large_image","schema":{"@context":"https:\/\/schema.org","@graph":[{"@type":"WebPage","@id":"https:\/\/www.notariat-bergstrasse.de\/en\/notar-dr-johannes-beil\/","url":"https:\/\/www.notariat-bergstrasse.de\/en\/notar-dr-johannes-beil\/","name":"Notar Dr. Beil - Notariat Bergstra\u00dfe","isPartOf":{"@id":"https:\/\/www.notariat-bergstrasse.de\/#website"},"datePublished":"2021-10-13T14:01:55+00:00","breadcrumb":{"@id":"https:\/\/www.notariat-bergstrasse.de\/en\/notar-dr-johannes-beil\/#breadcrumb"},"inLanguage":"en-US","potentialAction":[{"@type":"ReadAction","target":["https:\/\/www.notariat-bergstrasse.de\/en\/notar-dr-johannes-beil\/"]}]},{"@type":"BreadcrumbList","@id":"https:\/\/www.notariat-bergstrasse.de\/en\/notar-dr-johannes-beil\/#breadcrumb","itemListElement":[{"@type":"ListItem","position":1,"name":"Startseite","item":"https:\/\/www.notariat-bergstrasse.de\/en\/"},{"@type":"ListItem","position":2,"name":"Notar Dr. Beil"}]},{"@type":"WebSite","@id":"https:\/\/www.notariat-bergstrasse.de\/#website","url":"https:\/\/www.notariat-bergstrasse.de\/","name":"Notariat Bergstra\u00dfe","description":"Das Notariat Bergstra\u00dfe ist eine der \u00e4ltesten und traditionsreichsten notariellen Adressen Hamburgs.","potentialAction":[{"@type":"SearchAction","target":{"@type":"EntryPoint","urlTemplate":"https:\/\/www.notariat-bergstrasse.de\/?s={search_term_string}"},"query-input":{"@type":"PropertyValueSpecification","valueRequired":true,"valueName":"search_term_string"}}],"inLanguage":"en-US"}]}},"_links":{"self":[{"href":"https:\/\/www.notariat-bergstrasse.de\/en\/wp-json\/wp\/v2\/pages\/3075","targetHints":{"allow":["GET"]}}],"collection":[{"href":"https:\/\/www.notariat-bergstrasse.de\/en\/wp-json\/wp\/v2\/pages"}],"about":[{"href":"https:\/\/www.notariat-bergstrasse.de\/en\/wp-json\/wp\/v2\/types\/page"}],"author":[{"embeddable":true,"href":"https:\/\/www.notariat-bergstrasse.de\/en\/wp-json\/wp\/v2\/users\/1"}],"replies":[{"embeddable":true,"href":"https:\/\/www.notariat-bergstrasse.de\/en\/wp-json\/wp\/v2\/comments?post=3075"}],"version-history":[{"count":0,"href":"https:\/\/www.notariat-bergstrasse.de\/en\/wp-json\/wp\/v2\/pages\/3075\/revisions"}],"wp:attachment":[{"href":"https:\/\/www.notariat-bergstrasse.de\/en\/wp-json\/wp\/v2\/media?parent=3075"}],"curies":[{"name":"wp","href":"https:\/\/api.w.org\/{rel}","templated":true}]}}