{"id":3060,"date":"2021-10-02T21:20:16","date_gmt":"2021-10-02T21:20:16","guid":{"rendered":"https:\/\/www.notariat-bergstrasse.de\/impressum\/"},"modified":"2023-07-03T13:58:26","modified_gmt":"2023-07-03T13:58:26","slug":"imprint","status":"publish","type":"page","link":"https:\/\/www.notariat-bergstrasse.de\/en\/imprint\/","title":{"rendered":"Imprint"},"content":{"rendered":"<h4>Information according to the Telemedia Act<\/h4>\n<p><strong>Responsible:<\/strong><\/p>\n<p>Dr. Axel Pfeifer<br \/>\nDr. Til Br\u00e4utigam<br \/>\nDr. Jan Christoph Wolters<br \/>\nDr. Johannes Beil<br \/>\nDr. Thomas Diehn<\/p>\n<p><strong>Address and telecommunication data:<\/strong><\/p>\n<p>Bergstra\u00dfe 11 \u00b7 20095 Hamburg<br \/>\nTel.: 040 \/ 30 200 60<br \/>\nFax: 040 \/ 30 200 635<\/p>\n<p><strong>Supervisory authority according to \u00a7 92 No. 1 BNotO:<\/strong><\/p>\n<p>Pr\u00e4sident des Landgerichts Hamburg,<br \/>\nSievekingplatz 1, 20355 Hamburg<\/p>\n<p><strong>Chamber affiliation:<\/strong><\/p>\n<p>Hamburgische Notarkammer,<br \/>\nGustav-Mahler-Platz 1, 20354 Hamburg,<br \/>\nwww.hamburgische-notarkammer.de<\/p>\n<p><strong>Legal professional title<\/strong><\/p>\n<p>Notar, Amtssitz Hamburg,<br \/>\nBundesrepublik Deutschland<\/p>\n<p><strong>State in which the professional title was conferred:<\/strong><\/p>\n<p>Freie und Hansestadt Hamburg,<br \/>\nBundesrepublik Deutschland<\/p>\n<p><strong>Professional regulations:<\/strong><\/p>\n<p>The professional regulations for notaries are summarized at <u>https:\/\/www.notar.de\/der-notar\/berufsrecht.<\/u><\/p>\n<p><strong>VAT-ID:<\/strong><\/p>\n<p>DE 118 917 668<\/p>\n<h4>Disclaimer<\/h4>\n<p>It is expressly pointed out that we do not assume any liability for the correctness, up-to-dateness, quality and completeness of the contents of Internet pages to which reference is made within the framework of the website <u>www.notariat-bergstrasse.de<\/u>. We do not accept any liability for the contents of such pages. We have no influence on the content of these sites and the information provided there.<\/p>\n","protected":false},"excerpt":{"rendered":"<p>Information according to the Telemedia Act Responsible: Dr. Axel Pfeifer Dr. Til Br\u00e4utigam Dr. Jan Christoph Wolters Dr. Johannes Beil Dr. Thomas Diehn Address and telecommunication data: Bergstra\u00dfe 11 \u00b7 20095 Hamburg Tel.: 040 \/ 30 200 60 Fax: 040 \/ 30 200 635 Supervisory authority according to \u00a7 92 No. 1 BNotO: Pr\u00e4sident des [&hellip;]<\/p>\n","protected":false},"author":2,"featured_media":0,"parent":0,"menu_order":0,"comment_status":"closed","ping_status":"closed","template":"page-templates\/tmpl-impressum.php","meta":{"_acf_changed":false,"inline_featured_image":false,"footnotes":""},"class_list":["post-3060","page","type-page","status-publish","hentry"],"acf":[],"yoast_head":"<!-- This site is optimized with the Yoast SEO plugin v25.2 - https:\/\/yoast.com\/wordpress\/plugins\/seo\/ -->\n<title>Imprint - Notariat Bergstra\u00dfe<\/title>\n<meta name=\"robots\" content=\"index, follow, max-snippet:-1, max-image-preview:large, max-video-preview:-1\" \/>\n<link rel=\"canonical\" href=\"https:\/\/www.notariat-bergstrasse.de\/en\/imprint\/\" \/>\n<meta property=\"og:locale\" content=\"en_US\" \/>\n<meta property=\"og:type\" content=\"article\" \/>\n<meta property=\"og:title\" content=\"Imprint - Notariat Bergstra\u00dfe\" \/>\n<meta property=\"og:description\" content=\"Information according to the Telemedia Act Responsible: Dr. Axel Pfeifer Dr. Til Br\u00e4utigam Dr. Jan Christoph Wolters Dr. Johannes Beil Dr. Thomas Diehn Address and telecommunication data: Bergstra\u00dfe 11 \u00b7 20095 Hamburg Tel.: 040 \/ 30 200 60 Fax: 040 \/ 30 200 635 Supervisory authority according to \u00a7 92 No. 1 BNotO: Pr\u00e4sident des [&hellip;]\" \/>\n<meta property=\"og:url\" content=\"https:\/\/www.notariat-bergstrasse.de\/en\/imprint\/\" \/>\n<meta property=\"og:site_name\" content=\"Notariat Bergstra\u00dfe\" \/>\n<meta property=\"article:modified_time\" content=\"2023-07-03T13:58:26+00:00\" \/>\n<meta name=\"twitter:card\" content=\"summary_large_image\" \/>\n<meta name=\"twitter:label1\" content=\"Est. reading time\" \/>\n\t<meta name=\"twitter:data1\" content=\"1 minute\" \/>\n<script type=\"application\/ld+json\" class=\"yoast-schema-graph\">{\"@context\":\"https:\/\/schema.org\",\"@graph\":[{\"@type\":\"WebPage\",\"@id\":\"https:\/\/www.notariat-bergstrasse.de\/en\/imprint\/\",\"url\":\"https:\/\/www.notariat-bergstrasse.de\/en\/imprint\/\",\"name\":\"Imprint - Notariat Bergstra\u00dfe\",\"isPartOf\":{\"@id\":\"https:\/\/www.notariat-bergstrasse.de\/#website\"},\"datePublished\":\"2021-10-02T21:20:16+00:00\",\"dateModified\":\"2023-07-03T13:58:26+00:00\",\"breadcrumb\":{\"@id\":\"https:\/\/www.notariat-bergstrasse.de\/en\/imprint\/#breadcrumb\"},\"inLanguage\":\"en-US\",\"potentialAction\":[{\"@type\":\"ReadAction\",\"target\":[\"https:\/\/www.notariat-bergstrasse.de\/en\/imprint\/\"]}]},{\"@type\":\"BreadcrumbList\",\"@id\":\"https:\/\/www.notariat-bergstrasse.de\/en\/imprint\/#breadcrumb\",\"itemListElement\":[{\"@type\":\"ListItem\",\"position\":1,\"name\":\"Startseite\",\"item\":\"https:\/\/www.notariat-bergstrasse.de\/en\/\"},{\"@type\":\"ListItem\",\"position\":2,\"name\":\"Imprint\"}]},{\"@type\":\"WebSite\",\"@id\":\"https:\/\/www.notariat-bergstrasse.de\/#website\",\"url\":\"https:\/\/www.notariat-bergstrasse.de\/\",\"name\":\"Notariat Bergstra\u00dfe\",\"description\":\"Das Notariat Bergstra\u00dfe ist eine der \u00e4ltesten und traditionsreichsten notariellen Adressen Hamburgs.\",\"potentialAction\":[{\"@type\":\"SearchAction\",\"target\":{\"@type\":\"EntryPoint\",\"urlTemplate\":\"https:\/\/www.notariat-bergstrasse.de\/?s={search_term_string}\"},\"query-input\":{\"@type\":\"PropertyValueSpecification\",\"valueRequired\":true,\"valueName\":\"search_term_string\"}}],\"inLanguage\":\"en-US\"}]}<\/script>\n<!-- \/ Yoast SEO plugin. -->","yoast_head_json":{"title":"Imprint - Notariat Bergstra\u00dfe","robots":{"index":"index","follow":"follow","max-snippet":"max-snippet:-1","max-image-preview":"max-image-preview:large","max-video-preview":"max-video-preview:-1"},"canonical":"https:\/\/www.notariat-bergstrasse.de\/en\/imprint\/","og_locale":"en_US","og_type":"article","og_title":"Imprint - Notariat Bergstra\u00dfe","og_description":"Information according to the Telemedia Act Responsible: Dr. Axel Pfeifer Dr. Til Br\u00e4utigam Dr. Jan Christoph Wolters Dr. Johannes Beil Dr. Thomas Diehn Address and telecommunication data: Bergstra\u00dfe 11 \u00b7 20095 Hamburg Tel.: 040 \/ 30 200 60 Fax: 040 \/ 30 200 635 Supervisory authority according to \u00a7 92 No. 1 BNotO: Pr\u00e4sident des [&hellip;]","og_url":"https:\/\/www.notariat-bergstrasse.de\/en\/imprint\/","og_site_name":"Notariat Bergstra\u00dfe","article_modified_time":"2023-07-03T13:58:26+00:00","twitter_card":"summary_large_image","twitter_misc":{"Est. reading time":"1 minute"},"schema":{"@context":"https:\/\/schema.org","@graph":[{"@type":"WebPage","@id":"https:\/\/www.notariat-bergstrasse.de\/en\/imprint\/","url":"https:\/\/www.notariat-bergstrasse.de\/en\/imprint\/","name":"Imprint - Notariat Bergstra\u00dfe","isPartOf":{"@id":"https:\/\/www.notariat-bergstrasse.de\/#website"},"datePublished":"2021-10-02T21:20:16+00:00","dateModified":"2023-07-03T13:58:26+00:00","breadcrumb":{"@id":"https:\/\/www.notariat-bergstrasse.de\/en\/imprint\/#breadcrumb"},"inLanguage":"en-US","potentialAction":[{"@type":"ReadAction","target":["https:\/\/www.notariat-bergstrasse.de\/en\/imprint\/"]}]},{"@type":"BreadcrumbList","@id":"https:\/\/www.notariat-bergstrasse.de\/en\/imprint\/#breadcrumb","itemListElement":[{"@type":"ListItem","position":1,"name":"Startseite","item":"https:\/\/www.notariat-bergstrasse.de\/en\/"},{"@type":"ListItem","position":2,"name":"Imprint"}]},{"@type":"WebSite","@id":"https:\/\/www.notariat-bergstrasse.de\/#website","url":"https:\/\/www.notariat-bergstrasse.de\/","name":"Notariat Bergstra\u00dfe","description":"Das Notariat Bergstra\u00dfe ist eine der \u00e4ltesten und traditionsreichsten notariellen Adressen Hamburgs.","potentialAction":[{"@type":"SearchAction","target":{"@type":"EntryPoint","urlTemplate":"https:\/\/www.notariat-bergstrasse.de\/?s={search_term_string}"},"query-input":{"@type":"PropertyValueSpecification","valueRequired":true,"valueName":"search_term_string"}}],"inLanguage":"en-US"}]}},"_links":{"self":[{"href":"https:\/\/www.notariat-bergstrasse.de\/en\/wp-json\/wp\/v2\/pages\/3060","targetHints":{"allow":["GET"]}}],"collection":[{"href":"https:\/\/www.notariat-bergstrasse.de\/en\/wp-json\/wp\/v2\/pages"}],"about":[{"href":"https:\/\/www.notariat-bergstrasse.de\/en\/wp-json\/wp\/v2\/types\/page"}],"author":[{"embeddable":true,"href":"https:\/\/www.notariat-bergstrasse.de\/en\/wp-json\/wp\/v2\/users\/2"}],"replies":[{"embeddable":true,"href":"https:\/\/www.notariat-bergstrasse.de\/en\/wp-json\/wp\/v2\/comments?post=3060"}],"version-history":[{"count":4,"href":"https:\/\/www.notariat-bergstrasse.de\/en\/wp-json\/wp\/v2\/pages\/3060\/revisions"}],"predecessor-version":[{"id":4425,"href":"https:\/\/www.notariat-bergstrasse.de\/en\/wp-json\/wp\/v2\/pages\/3060\/revisions\/4425"}],"wp:attachment":[{"href":"https:\/\/www.notariat-bergstrasse.de\/en\/wp-json\/wp\/v2\/media?parent=3060"}],"curies":[{"name":"wp","href":"https:\/\/api.w.org\/{rel}","templated":true}]}}